{"id":7507,"date":"2021-11-02T09:49:27","date_gmt":"2021-11-02T08:49:27","guid":{"rendered":"https:\/\/www.vocal-it.com\/cookie\/"},"modified":"2021-11-12T17:05:01","modified_gmt":"2021-11-12T16:05:01","slug":"cookie","status":"publish","type":"page","link":"https:\/\/www.vocal-it.com\/en\/cookie\/","title":{"rendered":"Cookie"},"content":{"rendered":"\t\t<div data-elementor-type=\"wp-page\" data-elementor-id=\"7507\" class=\"elementor elementor-7507 elementor-7333\">\n\t\t\t\t\t\t\t\t\t<section class=\"elementor-section elementor-top-section elementor-element elementor-element-99ac520 elementor-section-boxed elementor-section-height-default elementor-section-height-default\" data-id=\"99ac520\" data-element_type=\"section\">\n\t\t\t\t\t\t<div class=\"elementor-container elementor-column-gap-default\">\n\t\t\t\t\t<div class=\"elementor-column elementor-col-100 elementor-top-column elementor-element elementor-element-38ff180\" data-id=\"38ff180\" data-element_type=\"column\">\n\t\t\t<div class=\"elementor-widget-wrap elementor-element-populated\">\n\t\t\t\t\t\t\t\t<div class=\"elementor-element elementor-element-dd23c7a elementor-widget elementor-widget-text-editor\" data-id=\"dd23c7a\" data-element_type=\"widget\" data-widget_type=\"text-editor.default\">\n\t\t\t\t<div class=\"elementor-widget-container\">\n\t\t\t<style>\/*! elementor - v3.8.0 - 30-10-2022 *\/\n.elementor-widget-text-editor.elementor-drop-cap-view-stacked .elementor-drop-cap{background-color:#818a91;color:#fff}.elementor-widget-text-editor.elementor-drop-cap-view-framed .elementor-drop-cap{color:#818a91;border:3px solid;background-color:transparent}.elementor-widget-text-editor:not(.elementor-drop-cap-view-default) .elementor-drop-cap{margin-top:8px}.elementor-widget-text-editor:not(.elementor-drop-cap-view-default) .elementor-drop-cap-letter{width:1em;height:1em}.elementor-widget-text-editor .elementor-drop-cap{float:left;text-align:center;line-height:1;font-size:50px}.elementor-widget-text-editor .elementor-drop-cap-letter{display:inline-block}<\/style>\t\t\t\t<h1>INFORMATIVA SUI COOKIE<\/h1>\n<p>I cookies sono dati creati da un server che sono memorizzati in file di testo sull\u2019hard disk del Suo computer e consentono il funzionamento del presente sito internet, l\u2019uso di una specifica funzionalit\u00e0 esplicitamente richiesta dall\u2019utente ovvero permettono di migliorare il funzionamento di questo sito, come i cookie che rendono la navigazione pi\u00f9 veloce o che mostrano i contenuti di maggiore interesse per l\u2019utente in funzione delle scelte precedenti. I cookies possono essere permanenti (c.d. cookies persistenti), ma possono anche avere una durata limitata (c.d. cookies di sessione). Questo sito utilizza sia cookies persistenti che di sessione. Quelli di sessione non vengono memorizzati in modo permanente sul Suo computer e svaniscono con la chiusura del browser. Quelli persistenti servono per personalizzare la navigazione in funzione dello strumento utilizzato dall\u2019utente (computer, tablet, smartphone) cos\u00ec come i cookies di terze parti che servono per analizzare gli accessi del sito (es. Google Analytics) e per permettere agli utenti di condividere i contenuti del sito attraverso social network (FB) o e-mail (Add This). Questi cookies, vengono memorizzati in modo permanente sul Suo computer e hanno una durata variabile.<\/p>\n<p>Il sito utilizza in modo particolare i seguenti cookies:<\/p>\n<h5 class=\"verdeGiallo\">COOKIE DI ANALISI<\/h5>\n<p>Sono cookie di terze parti (Google Analitycs) servono per raccogliere informazioni, riguardanti la provenienza, le pagine visitate e i ritorni degli utenti.<br \/>I dati non sono identificativi dello specifico utente e servono esclusivamente per un utilizzo statistico.<\/p>\n<h5 class=\"verdeGiallo\">Nome: __utma<\/h5>\n<p>Durata: 2 anni dal setting o ultimo aggiornamento utilizzato per distinguere gli utenti e sessioni .<br \/>Descrizione: Il cookie \u00e8 stato creato durante l&#8217;esecuzione della libreria di javascript. Il cookie viene aggiornato ogni volta che i dati vengono inviati a Google Analytics attraverso la navigazione sul sito .<\/p>\n<h5 class=\"verdeGiallo\">Nome: __utmt<\/h5>\n<p>Durata: 10 minuti<br \/>Descrizione: utilizzati per classificare richiesta dell&#8217;acceleratore .<\/p>\n<h5 class=\"verdeGiallo\">Nome: __utmb<\/h5>\n<p>Durata: 30 minuti della setting o ultimo aggiornamento<br \/>Descrizione: utilizzato per determinare le nuove sessioni o visite al sito . Il cookie viene aggiornato ogni volta che i dati vengono inviati a Google Analytics attraverso la navigazione sul sito.<\/p>\n<h5 class=\"verdeGiallo\">Nome: __utmc<\/h5>\n<p>Durata: Fine della sessione del browser<br \/>Descrizione: Questo cookie operato in collaborazione con il cookie __utmb per determinare se l&#8217;utente \u00e8 in una nuova sessione o visita o se torna sul sito nella stessa sessione del browser .<\/p>\n<h5 class=\"verdeGiallo\">Nome: __utmz<\/h5>\n<p>Durata: 6 mesi dal setiing o ultimo aggiornamento<br \/>Descrizione: Memorizza la fonte di traffico o campagna che spiega come l&#8217;utente ha raggiunto il sito . Il cookie viene creato quando l&#8217;esecuzione della biblioteca javascript e viene aggiornato ogni volta che i dati vengono inviati a Google Analytics attraverso la navigazione sul sito.<\/p>\n<h5 class=\"verdeGiallo\">Nome: ga<\/h5>\n<p>Durata: 2 anni dal setting o ultimo aggiornamento<br \/>Descrizione: Usato per distinguere l&#8217;utente.<\/p>\n<h5 class=\"verdeGiallo\">Nome: gat<\/h5>\n<p>Durata: 10 minuti<br \/>Descrizione: Utilizzato per valutare la richiesta dell&#8217;accelleratore.<\/p>\n<p>Per maggiori informazioni: <a href=\"https:\/\/developers.google.com\/analytics\/devguides\/collection\/analyticsjs\/cookie-usage\" rel=\"nofollow\">https:\/\/developers.google.com\/analytics\/devguides\/collection\/analyticsjs\/cookie-usage<\/a><\/p>\n<h5 class=\"verdeGiallo\">Google Analytics Cookies<\/h5>\n<p>Il nostro sito utilizza Google Analytics di Google, Inc., un servizio offre statistiche di misurazione ed analisi delle performance del sito, tramite l\u2019uso di Cookie. Per consultare l\u2019informativa privacy del servizio Google Analytics, visiti la pagina <a href=\"http:\/\/www.google.com\/intl\/en\/analytics\/privacyoverview.html\" target=\"_blank\" rel=\"noopener nofollow\">http:\/\/www.google.com\/intl\/en\/analytics\/privacyoverview.html<\/a>. Per le norme sulla privacy di Google, segnaliamo il seguente indirizzo lle performance del sito, tramite l\u2019uso di Cookie. Per consultare l\u2019informativa privacy del servizio Google Analytics, visiti la pagina <a href=\"http:\/\/www.google.com\/intl\/it\/privacy\/privacy-policy.html\" target=\"_blank\" rel=\"noopener nofollow\">http:\/\/www.google.com\/intl\/it\/privacy\/privacy-policy.html<\/a>.)<\/p>\n<h5 class=\"verdeGiallo\">Google Adwords &amp; Google Remarketing Cookies<\/h5>\n<p>Il sito internet potrebbe utilizzare il programma Google Adwords e la tecnologia Google Remarketing. Entrambi sono gestiti da Google Inc.. Anche la funzione monitoraggio delle conversioni di AdWords utilizza i cookie. Per aiutarci a tenere traccia delle vendite e di altre conversioni, viene aggiunto un cookie al computer di un utente nel momento in cui quell\u2019utente fa clic su un annuncio. Questo cookie dura 30 giorni e non raccoglie, n\u00e9 monitora informazioni in grado di identificare personalmente un utente. Gli utenti possono disabilitare i cookie del monitoraggio delle conversioni di Google nelle impostazioni del proprio browser Internet. In alcuni casi i cookie possono causare problemi al momento dell\u2019accesso o durante la navigazione all\u2019interno del tuo account AdWords. Quando ci\u00f2 si verifica, il modo migliore per correggere il problema consiste nello svuotare la cache ed eliminare i cookie salvati per il tuo browser Internet. Per saperne di pi\u00f9 su clicca qui <a href=\"https:\/\/www.google.es\/intl\/it\/policies\/privacy\/\" target=\"_blank\" rel=\"noopener nofollow\">https:\/\/www.google.es\/intl\/it\/policies\/privacy\/<\/a>. L\u2019utente infine pu\u00f2 disabilitare i cookies di Google Analytics scaricando uno specifico plug-in del browser reperibile al seguente url <a href=\"https:\/\/tools.google.com\/dlpage\/gaoptout\" target=\"_blank\" rel=\"noopener nofollow\">&#8220;https:\/\/tools.google.com\/dlpage\/gaoptout<\/a>.<\/p>\n<h5 class=\"verdeGiallo\">Facebook Cookies<\/h5>\n<p>Il sito potrebbe utilizzare cookie di Facebook Inc. per monitorare l\u2019andamento delle campagne Facebook Ads ed eventuali azioni di remarketing. Clicca qui per maggiori informazioni riguardo l\u2019utilizzo di cookie da parte di Facebook: <a href=\"https:\/\/www.facebook.com\/help\/cookies\/\" target=\"_blank\" rel=\"noopener nofollow\">https:\/\/www.facebook.com\/help\/cookies\/<\/a> L\u2019utente pu\u00f2 opporsi alla registrazione di cookies persistenti sul Suo hard disk configurando il browser di navigazione in modo da disabilitare i cookies. Scopri come disabilitare i cookie nei principali browser: <a href=\"https:\/\/support.google.com\/accounts\/answer\/61416?hl=it\" target=\"_blank\" rel=\"noopener nofollow\">Chrome<\/a>, <a href=\"https:\/\/support.mozilla.org\/en-US\/kb\/enable-and-disable-cookies-website-preferences\" target=\"_blank\" rel=\"noopener nofollow\">Firefox<\/a>, <a href=\"http:\/\/windows.microsoft.com\/it-it\/windows-vista\/block-or-allow-cookies\" target=\"_blank\" rel=\"noopener nofollow\">Internet Explorer<\/a>, <a href=\"https:\/\/support.apple.com\/kb\/PH5042?locale=en_US\" target=\"_blank\" rel=\"noopener nofollow\">Safari<\/a>, <a href=\"https\/\/www.opera.com\/help\/tutorials\/security\/privacy\/\" target=\"_blank\" rel=\"noopener nofollow\">Opera<\/a>. Dopo questa operazione, tuttavia, alcune funzioni delle pagine web potrebbero non essere eseguite correttamente.<\/p>\n<h5 class=\"verdeGiallo\">Dati Forniti Volontariamente dall\u2019utente<\/h5>\n<p>L\u2019invio facoltativo, esplicito e volontario di posta elettronica agli indirizzi indicati su questo sito, o la compilazione del form, comporta la successiva acquisizione dell\u2019indirizzo del mittente, necessario per rispondere alle richieste, nonch\u00e9 degli eventuali altri dati personali inseriti nella missiva da parte del cliente.<\/p>\n<h5 class=\"verdeGiallo\">Conferimento dei Dati<\/h5>\n<p>L\u2019utente \u00e8 libero di fornire i dati personali riportati nei moduli di richiesta o comunque indicati in apposite sezioni del sito internet per richiedere l\u2019invio di materiale informativo o di altre comunicazioni. Il loro mancato conferimento non comporta l\u2019impossibilit\u00e0 di ottenere quanto richiesto in forma anche anonima. I dati personali sono trattati con strumenti automatizzati per il tempo strettamente necessario a conseguire gli scopi per cui sono stati raccolti. Specifiche misure di sicurezza sono osservate per prevenire la perdita dei dati, usi illeciti o non corretti ed accessi non autorizzati al database.<\/p>\n<h5 class=\"verdeGiallo\">Modalit\u00e0 del Trattamento<\/h5>\n<p>I Suoi dati personali saranno trattati con strumenti automatizzati per il tempo strettamente necessario a conseguire gli scopi per cui sono stati raccolti. Specifiche misure di sicurezza sono osservate per prevenire la perdita dei dati, usi illeciti o non corretti ed accessi non autorizzati. L\u2019utente ha sempre diritto, in qualunque momento, di ottenere la conferma dell&#8217;esistenza o meno dei dati che si riferiscono alla sua persona e di conoscerne il contenuto e l&#8217;origine, verificarne l&#8217;esattezza o chiederne l&#8217;integrazione o l&#8217;aggiornamento, oppure la rettificazione <a href=\"http:\/\/www.garanteprivacy.it\/web\/guest\/home\/docweb\/-\/docweb-display\/docweb\/1311248#articolo7\" target=\"_blank\" rel=\"noopener nofollow\">(art. 7 del d.lgs. n. 196\/2003)<\/a>. Ai sensi del medesimo articolo Lei ha il diritto di chiedere la cancellazione, la trasformazione in forma anonima o il blocco dei dati trattati in violazione di legge, nonch\u00e9 di opporsi in ogni caso, per motivi legittimi, al loro trattamento. Questa informativa sulla privacy pu\u00f2 essere modificata periodicamente e l&#8217;uso delle informazioni raccolte \u00e8 soggetto all&#8217;informativa sulla privacy in effetto al momento dell&#8217;uso. Il presente documento, pubblicato all\u2019indirizzo <b>http:\/\/www.trizero.eu<\/b>, costituisce l&#8217; Informativa sulla Privacy di questo sito internet e sar\u00e0 soggetto ad aggiornamenti di volta in volta pubblicati e recanti la data di aggiornamento.<br \/>[cookie_declaration]<\/p>\n\t\t\t\t\t\t<\/div>\n\t\t\t\t<\/div>\n\t\t\t\t\t<\/div>\n\t\t<\/div>\n\t\t\t\t\t\t\t<\/div>\n\t\t<\/section>\n\t\t\t\t\t\t\t<\/div>\n\t\t","protected":false},"excerpt":{"rendered":"<p>INFORMATIVA SUI COOKIE I cookies sono dati creati da un server che sono memorizzati in file di testo sull\u2019hard disk del Suo computer e consentono il funzionamento del presente sito internet, l\u2019uso di una specifica funzionalit\u00e0 esplicitamente richiesta dall\u2019utente ovvero permettono di migliorare il funzionamento di questo sito, come i cookie che rendono la navigazione&#8230;<\/p>\n","protected":false},"author":1,"featured_media":0,"parent":0,"menu_order":0,"comment_status":"closed","ping_status":"closed","template":"","meta":{"footnotes":""},"class_list":["post-7507","page","type-page","status-publish","hentry","no-post-thumbnail"],"_links":{"self":[{"href":"https:\/\/www.vocal-it.com\/en\/wp-json\/wp\/v2\/pages\/7507"}],"collection":[{"href":"https:\/\/www.vocal-it.com\/en\/wp-json\/wp\/v2\/pages"}],"about":[{"href":"https:\/\/www.vocal-it.com\/en\/wp-json\/wp\/v2\/types\/page"}],"author":[{"embeddable":true,"href":"https:\/\/www.vocal-it.com\/en\/wp-json\/wp\/v2\/users\/1"}],"replies":[{"embeddable":true,"href":"https:\/\/www.vocal-it.com\/en\/wp-json\/wp\/v2\/comments?post=7507"}],"version-history":[{"count":1,"href":"https:\/\/www.vocal-it.com\/en\/wp-json\/wp\/v2\/pages\/7507\/revisions"}],"predecessor-version":[{"id":7508,"href":"https:\/\/www.vocal-it.com\/en\/wp-json\/wp\/v2\/pages\/7507\/revisions\/7508"}],"wp:attachment":[{"href":"https:\/\/www.vocal-it.com\/en\/wp-json\/wp\/v2\/media?parent=7507"}],"curies":[{"name":"wp","href":"https:\/\/api.w.org\/{rel}","templated":true}]}}